{"id":2,"date":"2022-03-06T09:37:46","date_gmt":"2022-03-06T08:37:46","guid":{"rendered":"http:\/\/artemiscorsetto.eli-sa.it\/?page_id=2"},"modified":"2022-03-13T10:33:42","modified_gmt":"2022-03-13T09:33:42","slug":"perchecorsetto","status":"publish","type":"page","link":"https:\/\/artemiscorsetto.eli-sa.it\/index.php\/perchecorsetto\/","title":{"rendered":"Perch\u00e9 indossare un corsetto?"},"content":{"rendered":"\n<p>Un corsetto su misura toglie istantaneamente dei centimetri nel girovita e modella la figura donando una sinuosit\u00e0 unica, &nbsp;questo \u00e8 il motivo per cui ogni donna (e ogni uomo) che ha provato ad indossare un corsetto strutturato, ne \u00e8 rimasta affascinata e non \u00e8 pi\u00f9 riuscita a farne a meno.<\/p>\n\n\n\n<p>Il corsetto \u00e8 un capo dalle mille sfaccettature: dall\u2019accessorio occasionale per dare un tocco \u201cspicy\u201d al tuo outfit, all\u2019indumento intimo in pizzo, all\u2019elemento strutturale per un vestito da sera (o da sposa), fino allo strumento quotidiano che ti accompagna nel \u201cwaist \u2013training\u201d, per questo ognuno di essi va studiato e progettato ad-hoc e confezionato su misura per darti la migliore esperienza possibile.<\/p>\n\n\n\n<figure class=\"wp-block-image size-full is-style-default\"><img decoding=\"async\" loading=\"lazy\" width=\"1024\" height=\"772\" src=\"http:\/\/artemiscorsetto.eli-sa.it\/wp-content\/uploads\/2022\/03\/prima-dopo1.webp\" alt=\"\" class=\"wp-image-163\" srcset=\"https:\/\/artemiscorsetto.eli-sa.it\/wp-content\/uploads\/2022\/03\/prima-dopo1.webp 1024w, https:\/\/artemiscorsetto.eli-sa.it\/wp-content\/uploads\/2022\/03\/prima-dopo1-300x226.webp 300w, https:\/\/artemiscorsetto.eli-sa.it\/wp-content\/uploads\/2022\/03\/prima-dopo1-768x579.webp 768w, https:\/\/artemiscorsetto.eli-sa.it\/wp-content\/uploads\/2022\/03\/prima-dopo1-600x452.webp 600w\" sizes=\"(max-width: 1024px) 100vw, 1024px\" \/><figcaption>Senza e con corsetto<\/figcaption><\/figure>\n\n\n\n<figure class=\"wp-block-image size-full\"><img decoding=\"async\" loading=\"lazy\" width=\"1024\" height=\"772\" src=\"http:\/\/artemiscorsetto.eli-sa.it\/wp-content\/uploads\/2022\/03\/prima-dopo2.webp\" alt=\"\" class=\"wp-image-164\" srcset=\"https:\/\/artemiscorsetto.eli-sa.it\/wp-content\/uploads\/2022\/03\/prima-dopo2.webp 1024w, https:\/\/artemiscorsetto.eli-sa.it\/wp-content\/uploads\/2022\/03\/prima-dopo2-300x226.webp 300w, https:\/\/artemiscorsetto.eli-sa.it\/wp-content\/uploads\/2022\/03\/prima-dopo2-768x579.webp 768w, https:\/\/artemiscorsetto.eli-sa.it\/wp-content\/uploads\/2022\/03\/prima-dopo2-600x452.webp 600w\" sizes=\"(max-width: 1024px) 100vw, 1024px\" \/><\/figure>\n","protected":false},"excerpt":{"rendered":"<p>Un corsetto su misura toglie istantaneamente dei centimetri nel girovita e modella la figura donando una sinuosit\u00e0 unica, &nbsp;questo \u00e8 il motivo per cui ogni donna (e ogni uomo) che ha provato ad indossare un corsetto strutturato, ne \u00e8 rimasta affascinata e non \u00e8 pi\u00f9 riuscita a farne a meno. Il corsetto \u00e8 un capo [&hellip;]<\/p>\n","protected":false},"author":1,"featured_media":0,"parent":0,"menu_order":0,"comment_status":"closed","ping_status":"open","template":"","meta":[],"_links":{"self":[{"href":"https:\/\/artemiscorsetto.eli-sa.it\/index.php\/wp-json\/wp\/v2\/pages\/2"}],"collection":[{"href":"https:\/\/artemiscorsetto.eli-sa.it\/index.php\/wp-json\/wp\/v2\/pages"}],"about":[{"href":"https:\/\/artemiscorsetto.eli-sa.it\/index.php\/wp-json\/wp\/v2\/types\/page"}],"author":[{"embeddable":true,"href":"https:\/\/artemiscorsetto.eli-sa.it\/index.php\/wp-json\/wp\/v2\/users\/1"}],"replies":[{"embeddable":true,"href":"https:\/\/artemiscorsetto.eli-sa.it\/index.php\/wp-json\/wp\/v2\/comments?post=2"}],"version-history":[{"count":3,"href":"https:\/\/artemiscorsetto.eli-sa.it\/index.php\/wp-json\/wp\/v2\/pages\/2\/revisions"}],"predecessor-version":[{"id":167,"href":"https:\/\/artemiscorsetto.eli-sa.it\/index.php\/wp-json\/wp\/v2\/pages\/2\/revisions\/167"}],"wp:attachment":[{"href":"https:\/\/artemiscorsetto.eli-sa.it\/index.php\/wp-json\/wp\/v2\/media?parent=2"}],"curies":[{"name":"wp","href":"https:\/\/api.w.org\/{rel}","templated":true}]}}