{"id":220,"date":"2022-03-13T18:18:06","date_gmt":"2022-03-13T17:18:06","guid":{"rendered":"https:\/\/artemiscorsetto.eli-sa.it\/?page_id=220"},"modified":"2022-03-13T18:21:33","modified_gmt":"2022-03-13T17:21:33","slug":"guida-alla-scelta","status":"publish","type":"page","link":"https:\/\/artemiscorsetto.eli-sa.it\/index.php\/home\/guida-alla-scelta\/","title":{"rendered":"Guida alla scelta"},"content":{"rendered":"\n<p>Per fare <strong>waist training <\/strong>puoi scegliere tra due modelli: <strong>stringivita corto<\/strong> o <strong>underbust lungo<\/strong>. <\/p>\n\n\n\n<p>Sono entrambi performanti in modo equivalente sulla riduzione del girovita, le differenze sono soprattutto a livello pratico. Il modello corto \u00e8 un po&#8217; pi\u00f9 comodo, \u00e8 pi\u00f9 adatto ad essere indossato sopra ai vestiti, a mo&#8217; di cintura, mentre il modello lungo accompagna le forme di tutto il busto (seno escluso), ed essendo pi\u00f9 alto dietro sulla schiena \u00e8 adatto anche ad essere indossato sotto ai vestiti perch\u00e9 evita i &#8220;rotolini&#8221; (muffin top) che si formano sui bordi alti della schiena quando si stringe il corsetto. <\/p>\n\n\n\n<p>I due modelli poi si possono scegliere se a <strong>4 o 6 pannelli per lato<\/strong>. Il numero di pannelli determina il numero di stecche presenti, un corsetto a 4 pannelli ha meno stecche rispetto a quello a 6. <\/p>\n\n\n\n<p>Questo vuol dire che a 4 pannelli \u00e8 un pochino pi\u00f9 comodo e morbido, mentre a 6 \u00e8 pi\u00f9 rigido e sostenuto. <\/p>\n\n\n\n<p>Come primo corsetto da indossare sotto ai vestiti, consiglio il modello lungo a 4 pannelli, perch\u00e9 \u00e8 il giusto compromesso tra praticit\u00e0 ed efficacia, mentre quello a 6 pannelli, essendo pi\u00f9 impegnativo, lo consiglio a chi ha gi\u00e0 un po\u2019 di allenamento con i corsetti. <\/p>\n\n\n\n<p>Tutti i modelli sono fatti su misura, questo vuol dire che le circonferenze di cassa toracica e bacino rimangono fisse, mentre si andr\u00e0 a ridurre esclusivamente il girovita (salvo richieste particolari).<\/p>\n\n\n\n<p>Solitamente, il corsetto viene realizzato con <strong>una riduzione di circa il 15% del girovita di partenza<\/strong>, quindi, per esempio, se si parte da un girovita di 74 cm, il corsetto sar\u00e0 realizzato con una circonferenza vita di 62 cm<\/p>\n\n\n\n<p>Nei video seguenti potrai trovare una guida dettagliata a ci\u00f2 che ho appena indicato:<\/p>\n\n\n\n<figure class=\"wp-block-embed is-type-video is-provider-youtube wp-block-embed-youtube wp-embed-aspect-16-9 wp-has-aspect-ratio\"><div class=\"wp-block-embed__wrapper\">\n<iframe loading=\"lazy\" title=\"Scegliere il corsetto per il waist training\" width=\"696\" height=\"392\" src=\"https:\/\/www.youtube.com\/embed\/HmDJgdd099Y?start=1&#038;feature=oembed\" frameborder=\"0\" allow=\"accelerometer; autoplay; clipboard-write; encrypted-media; gyroscope; picture-in-picture\" allowfullscreen><\/iframe>\n<\/div><\/figure>\n\n\n\n<figure class=\"wp-block-embed is-type-video is-provider-youtube wp-block-embed-youtube wp-embed-aspect-16-9 wp-has-aspect-ratio\"><div class=\"wp-block-embed__wrapper\">\n<iframe loading=\"lazy\" title=\"Scegliere il corsetto da WAIST TRAINING: approfondimento\" width=\"696\" height=\"392\" src=\"https:\/\/www.youtube.com\/embed\/v8upnxU3Blg?start=377&#038;feature=oembed\" frameborder=\"0\" allow=\"accelerometer; autoplay; clipboard-write; encrypted-media; gyroscope; picture-in-picture\" allowfullscreen><\/iframe>\n<\/div><\/figure>\n","protected":false},"excerpt":{"rendered":"<p>Per fare waist training puoi scegliere tra due modelli: stringivita corto o underbust lungo. Sono entrambi performanti in modo equivalente sulla riduzione del girovita, le differenze sono soprattutto a livello pratico. Il modello corto \u00e8 un po&#8217; pi\u00f9 comodo, \u00e8 pi\u00f9 adatto ad essere indossato sopra ai vestiti, a mo&#8217; di cintura, mentre il modello [&hellip;]<\/p>\n","protected":false},"author":1,"featured_media":0,"parent":61,"menu_order":1,"comment_status":"closed","ping_status":"closed","template":"","meta":[],"_links":{"self":[{"href":"https:\/\/artemiscorsetto.eli-sa.it\/index.php\/wp-json\/wp\/v2\/pages\/220"}],"collection":[{"href":"https:\/\/artemiscorsetto.eli-sa.it\/index.php\/wp-json\/wp\/v2\/pages"}],"about":[{"href":"https:\/\/artemiscorsetto.eli-sa.it\/index.php\/wp-json\/wp\/v2\/types\/page"}],"author":[{"embeddable":true,"href":"https:\/\/artemiscorsetto.eli-sa.it\/index.php\/wp-json\/wp\/v2\/users\/1"}],"replies":[{"embeddable":true,"href":"https:\/\/artemiscorsetto.eli-sa.it\/index.php\/wp-json\/wp\/v2\/comments?post=220"}],"version-history":[{"count":1,"href":"https:\/\/artemiscorsetto.eli-sa.it\/index.php\/wp-json\/wp\/v2\/pages\/220\/revisions"}],"predecessor-version":[{"id":221,"href":"https:\/\/artemiscorsetto.eli-sa.it\/index.php\/wp-json\/wp\/v2\/pages\/220\/revisions\/221"}],"up":[{"embeddable":true,"href":"https:\/\/artemiscorsetto.eli-sa.it\/index.php\/wp-json\/wp\/v2\/pages\/61"}],"wp:attachment":[{"href":"https:\/\/artemiscorsetto.eli-sa.it\/index.php\/wp-json\/wp\/v2\/media?parent=220"}],"curies":[{"name":"wp","href":"https:\/\/api.w.org\/{rel}","templated":true}]}}