{"id":237,"date":"2022-03-14T11:48:38","date_gmt":"2022-03-14T10:48:38","guid":{"rendered":"https:\/\/artemiscorsetto.eli-sa.it\/?page_id=237"},"modified":"2022-03-14T11:49:36","modified_gmt":"2022-03-14T10:49:36","slug":"ordini-personalizzati","status":"publish","type":"page","link":"https:\/\/artemiscorsetto.eli-sa.it\/index.php\/shop\/ordini-personalizzati\/","title":{"rendered":"Ordini Personalizzati"},"content":{"rendered":"\n<figure class=\"wp-block-embed is-type-rich is-provider-handler-delloggetto-incorporato wp-block-embed-handler-delloggetto-incorporato wp-embed-aspect-16-9 wp-has-aspect-ratio\"><div class=\"wp-block-embed__wrapper\">\n<iframe loading=\"lazy\" title=\"Ordinare online un CORSETTO SU MISURA\" width=\"696\" height=\"392\" src=\"https:\/\/www.youtube.com\/embed\/7RYZoAGd6n8?feature=oembed\" frameborder=\"0\" allow=\"accelerometer; autoplay; clipboard-write; encrypted-media; gyroscope; picture-in-picture\" allowfullscreen><\/iframe>\n<\/div><\/figure>\n\n\n\n<p>Io sono qui per realizzare un capo unico, fatto apposta per te, esattamente come lo desideri. Ma sono anche qui per chiarire i tuoi dubbi, perplessit\u00e0, incertezze su un oggetto cos\u00ec complesso e difficile da immaginare, finch\u00e9 non lo si tocca con mano, come il corsetto.<\/p>\n\n\n\n<p>Perci\u00f2: Scrivimi! Per qualsiasi cosa, anche ci\u00f2 che potr\u00e0 sembrare una sciocchezza, ma che di sicuro non \u00e8.<\/p>\n\n\n\n<p>\u2026se invece la decisione di fartene confezionare uno, l\u2019hai gi\u00e0 presa, puoi dare uno sguardo alle info gi\u00e0 disponibili sul sito e nella pagina del negozio, dove troverai le impostazioni di base che possono essere personalizzate.<\/p>\n\n\n\n<p>Comunicami la vostra idea, e io ti proporr\u00f2 delle soluzioni (disegni) cercando di interpretarla, fino ad arrivare alla soluzione ad-hoc in termini di modello, forme, disegno del corpo, materiali, colori, finiture\u2026 e chi pi\u00f9 ne ha, pi\u00f9 ne metta.<\/p>\n\n\n\n<p>Mi puoi contattare via chat\u00a0sulla mia pagina <a rel=\"noreferrer noopener\" href=\"https:\/\/www.facebook.com\/ArtemisCorsetti\" target=\"_blank\">facebook<\/a>, <a rel=\"noreferrer noopener\" href=\"http:\/\/www.instagram.com\/artemiscorsetti\" target=\"_blank\">instagram<\/a>, email (artemis@eli-sa.it) o attraverso il modulo di contatto\u00a0qui di seguito<\/p>\n\n\n<div class=\"wp-block-jetpack-contact-form\"><a href=\"https:\/\/artemiscorsetto.eli-sa.it\/index.php\/shop\/ordini-personalizzati\/\" target=\"_blank\" rel=\"noopener noreferrer\">Submit a form.<\/a><\/div>","protected":false},"excerpt":{"rendered":"<p>Io sono qui per realizzare un capo unico, fatto apposta per te, esattamente come lo desideri. Ma sono anche qui per chiarire i tuoi dubbi, perplessit\u00e0, incertezze su un oggetto cos\u00ec complesso e difficile da immaginare, finch\u00e9 non lo si tocca con mano, come il corsetto. Perci\u00f2: Scrivimi! Per qualsiasi cosa, anche ci\u00f2 che potr\u00e0 [&hellip;]<\/p>\n","protected":false},"author":1,"featured_media":0,"parent":5,"menu_order":0,"comment_status":"closed","ping_status":"closed","template":"","meta":[],"_links":{"self":[{"href":"https:\/\/artemiscorsetto.eli-sa.it\/index.php\/wp-json\/wp\/v2\/pages\/237"}],"collection":[{"href":"https:\/\/artemiscorsetto.eli-sa.it\/index.php\/wp-json\/wp\/v2\/pages"}],"about":[{"href":"https:\/\/artemiscorsetto.eli-sa.it\/index.php\/wp-json\/wp\/v2\/types\/page"}],"author":[{"embeddable":true,"href":"https:\/\/artemiscorsetto.eli-sa.it\/index.php\/wp-json\/wp\/v2\/users\/1"}],"replies":[{"embeddable":true,"href":"https:\/\/artemiscorsetto.eli-sa.it\/index.php\/wp-json\/wp\/v2\/comments?post=237"}],"version-history":[{"count":1,"href":"https:\/\/artemiscorsetto.eli-sa.it\/index.php\/wp-json\/wp\/v2\/pages\/237\/revisions"}],"predecessor-version":[{"id":239,"href":"https:\/\/artemiscorsetto.eli-sa.it\/index.php\/wp-json\/wp\/v2\/pages\/237\/revisions\/239"}],"up":[{"embeddable":true,"href":"https:\/\/artemiscorsetto.eli-sa.it\/index.php\/wp-json\/wp\/v2\/pages\/5"}],"wp:attachment":[{"href":"https:\/\/artemiscorsetto.eli-sa.it\/index.php\/wp-json\/wp\/v2\/media?parent=237"}],"curies":[{"name":"wp","href":"https:\/\/api.w.org\/{rel}","templated":true}]}}